{"id":4065,"date":"2020-05-27T13:50:41","date_gmt":"2020-05-27T13:50:41","guid":{"rendered":"https:\/\/votresite.live\/gpc2\/?page_id=4065"},"modified":"2022-04-14T18:30:44","modified_gmt":"2022-04-14T16:30:44","slug":"faq","status":"publish","type":"page","link":"https:\/\/gpc-system.com\/en\/faq\/","title":{"rendered":"FAQ"},"content":{"rendered":"<div data-elementor-type=\"wp-page\" data-elementor-id=\"4065\" class=\"elementor elementor-4065\">\n\t\t\t\t\t\t<section class=\"elementor-section elementor-top-section elementor-element elementor-element-b25cb52 elementor-section-boxed elementor-section-height-default elementor-section-height-default sc_fly_static\" data-id=\"b25cb52\" data-element_type=\"section\">\n\t\t\t\t\t\t<div class=\"elementor-container elementor-column-gap-extended\">\n\t\t\t\t\t<div class=\"elementor-column elementor-col-100 elementor-top-column elementor-element elementor-element-f608263 sc_inner_width_none sc_content_align_inherit sc_layouts_column_icons_position_left sc_fly_static\" data-id=\"f608263\" data-element_type=\"column\">\n\t\t\t<div class=\"elementor-widget-wrap elementor-element-populated\">\n\t\t\t\t\t\t<div class=\"elementor-element elementor-element-b95e964 sc_fly_static elementor-widget elementor-widget-spacer\" data-id=\"b95e964\" data-element_type=\"widget\" data-widget_type=\"spacer.default\">\n\t\t\t\t<div class=\"elementor-widget-container\">\n\t\t\t\t\t<div class=\"elementor-spacer\">\n\t\t\t<div class=\"elementor-spacer-inner\"><\/div>\n\t\t<\/div>\n\t\t\t\t<\/div>\n\t\t\t\t<\/div>\n\t\t\t\t\t<\/div>\n\t\t<\/div>\n\t\t\t\t\t<\/div>\n\t\t<\/section>\n\t\t\t\t<section class=\"elementor-section elementor-top-section elementor-element elementor-element-fb19abd elementor-section-boxed elementor-section-height-default elementor-section-height-default sc_fly_static\" data-id=\"fb19abd\" data-element_type=\"section\">\n\t\t\t\t\t\t<div class=\"elementor-container elementor-column-gap-extended\">\n\t\t\t\t\t<div class=\"elementor-column elementor-col-25 elementor-top-column elementor-element elementor-element-40993e1 sc_inner_width_none sc_content_align_inherit sc_layouts_column_icons_position_left sc_fly_static\" data-id=\"40993e1\" data-element_type=\"column\">\n\t\t\t<div class=\"elementor-widget-wrap\">\n\t\t\t\t\t\t\t<\/div>\n\t\t<\/div>\n\t\t\t\t<div class=\"elementor-column elementor-col-50 elementor-top-column elementor-element elementor-element-cc51ca6 sc_inner_width_none sc_content_align_inherit sc_layouts_column_icons_position_left sc_fly_static\" data-id=\"cc51ca6\" data-element_type=\"column\">\n\t\t\t<div class=\"elementor-widget-wrap elementor-element-populated\">\n\t\t\t\t\t\t<div class=\"elementor-element elementor-element-ddc28bb sc_fly_static elementor-widget elementor-widget-toggle\" data-id=\"ddc28bb\" data-element_type=\"widget\" data-widget_type=\"toggle.default\">\n\t\t\t\t<div class=\"elementor-widget-container\">\n\t\t\t\t\t<div class=\"elementor-toggle\">\n\t\t\t\t\t\t\t<div class=\"elementor-toggle-item\">\n\t\t\t\t\t<h5 id=\"elementor-tab-title-2321\" class=\"elementor-tab-title\" data-tab=\"1\" role=\"button\" aria-controls=\"elementor-tab-content-2321\" aria-expanded=\"false\">\n\t\t\t\t\t\t\t\t\t\t\t\t<span class=\"elementor-toggle-icon elementor-toggle-icon-right\" aria-hidden=\"true\">\n\t\t\t\t\t\t\t\t\t\t\t\t\t\t\t<span class=\"elementor-toggle-icon-closed\"><i class=\"fas fa-plus\"><\/i><\/span>\n\t\t\t\t\t\t\t\t<span class=\"elementor-toggle-icon-opened\"><i class=\"elementor-toggle-icon-opened fas fa-minus\"><\/i><\/span>\n\t\t\t\t\t\t\t\t\t\t\t\t\t<\/span>\n\t\t\t\t\t\t\t\t\t\t\t\t<a class=\"elementor-toggle-title\" tabindex=\"0\">How can I quickly assess whether GPC technology can meet my needs?<\/a>\n\t\t\t\t\t<\/h5>\n\n\t\t\t\t\t<div id=\"elementor-tab-content-2321\" class=\"elementor-tab-content elementor-clearfix\" data-tab=\"1\" role=\"region\" aria-labelledby=\"elementor-tab-title-2321\"><p>The free<a href=\"https:\/\/gpc-system.com\/en\/services\/audit-gpc-flash\/\">\"GPC Flash Audit\"<\/a> has been designed to answer your question: It will mobilize you for 3 sessions of 1h-1h30 of web-conference. Simply make a request in the Contact section. You will then have a first evaluation of the results you can expect on your issue and in your context.<\/p><p>An experimental implementation, at reduced cost, can then be quickly implemented on a limited domain and serve as a POC<\/p><\/div>\n\t\t\t\t<\/div>\n\t\t\t\t\t\t\t<div class=\"elementor-toggle-item\">\n\t\t\t\t\t<h5 id=\"elementor-tab-title-2322\" class=\"elementor-tab-title\" data-tab=\"2\" role=\"button\" aria-controls=\"elementor-tab-content-2322\" aria-expanded=\"false\">\n\t\t\t\t\t\t\t\t\t\t\t\t<span class=\"elementor-toggle-icon elementor-toggle-icon-right\" aria-hidden=\"true\">\n\t\t\t\t\t\t\t\t\t\t\t\t\t\t\t<span class=\"elementor-toggle-icon-closed\"><i class=\"fas fa-plus\"><\/i><\/span>\n\t\t\t\t\t\t\t\t<span class=\"elementor-toggle-icon-opened\"><i class=\"elementor-toggle-icon-opened fas fa-minus\"><\/i><\/span>\n\t\t\t\t\t\t\t\t\t\t\t\t\t<\/span>\n\t\t\t\t\t\t\t\t\t\t\t\t<a class=\"elementor-toggle-title\" tabindex=\"0\">J'ai install\u00e9 des cartes de contr\u00f4le sur ma ligne de production, et j'analyse les donn\u00e9es avec un logiciel commercial standard. En quoi l'offre de GPC peut-elle m\u2019int\u00e9resser ? <br> What is the difference between GPC and traditional Statistical Process Control tools?<\/a>\n\t\t\t\t\t<\/h5>\n\n\t\t\t\t\t<div id=\"elementor-tab-content-2322\" class=\"elementor-tab-content elementor-clearfix\" data-tab=\"2\" role=\"region\" aria-labelledby=\"elementor-tab-title-2322\"><p>GPC technology is designed to process multivariate data, i.e. all variables are taken into account simultaneously. This allows for richer analysis and better information extraction.<\/p><p>Among the exclusive GPC features that are not present in standard software<\/p><ul><li>for historical analysis<ul><li>the automatic separation between the points under control and the disturbed points,<\/li><li>detection of imperceptible phenomena for SPC control charts,<\/li><li>a clear differentiation of the causes of disturbances and their modelling,<\/li><li>the solicitation and integration of the knowledge and the intelligence of the technical staff.<\/li><li>exploitation of curves : time curves associated with a cycle, sound spectra, vibration spectra, infra-red spectra, ...<\/li><\/ul><\/li><li>for real-time monitoring:<ul><li>clear and relevant messages to the operators in the event of a problem<\/li><li>control of false alarms<\/li><li>automatic recognition of sources of disturbances already encountered<\/li><li>The detection, characterization, and integration of new disturbances.<\/li><li>simplified updating of monitoring models<\/li><li>Continuous integration of the knowledge and the interpretations of the technical staff.<\/li><\/ul><\/li><\/ul><\/div>\n\t\t\t\t<\/div>\n\t\t\t\t\t\t\t<div class=\"elementor-toggle-item\">\n\t\t\t\t\t<h5 id=\"elementor-tab-title-2323\" class=\"elementor-tab-title\" data-tab=\"3\" role=\"button\" aria-controls=\"elementor-tab-content-2323\" aria-expanded=\"false\">\n\t\t\t\t\t\t\t\t\t\t\t\t<span class=\"elementor-toggle-icon elementor-toggle-icon-right\" aria-hidden=\"true\">\n\t\t\t\t\t\t\t\t\t\t\t\t\t\t\t<span class=\"elementor-toggle-icon-closed\"><i class=\"fas fa-plus\"><\/i><\/span>\n\t\t\t\t\t\t\t\t<span class=\"elementor-toggle-icon-opened\"><i class=\"elementor-toggle-icon-opened fas fa-minus\"><\/i><\/span>\n\t\t\t\t\t\t\t\t\t\t\t\t\t<\/span>\n\t\t\t\t\t\t\t\t\t\t\t\t<a class=\"elementor-toggle-title\" tabindex=\"0\">Does the software offered by GPC System apply to any measurements?<\/a>\n\t\t\t\t\t<\/h5>\n\n\t\t\t\t\t<div id=\"elementor-tab-content-2323\" class=\"elementor-tab-content elementor-clearfix\" data-tab=\"3\" role=\"region\" aria-labelledby=\"elementor-tab-title-2323\"><p>The GPC Scan web application processes scalar variables (one value per observation) of numeric type (measurements) and text type (product code, date, machine code, etc.). It also deals with curve-type variables (several values \u200b\u200bfor an observation: quantity measured during a cycle, IR spectra, vibration spectrum, etc.). It takes into account missing information.<\/p><p>GPC scan assesses the suitability of the proposed data to be processed by its algorithms.<\/p><p>As part of a free <a href=\"https:\/\/gpc-system.com\/en\/services\/audit-gpc-flash\/\">GPC Flash Audit<\/a> , a GPC consultant will assess with you the adequacy of the GPC tools with your data and your problem.<\/p><\/div>\n\t\t\t\t<\/div>\n\t\t\t\t\t\t\t<div class=\"elementor-toggle-item\">\n\t\t\t\t\t<h5 id=\"elementor-tab-title-2324\" class=\"elementor-tab-title\" data-tab=\"4\" role=\"button\" aria-controls=\"elementor-tab-content-2324\" aria-expanded=\"false\">\n\t\t\t\t\t\t\t\t\t\t\t\t<span class=\"elementor-toggle-icon elementor-toggle-icon-right\" aria-hidden=\"true\">\n\t\t\t\t\t\t\t\t\t\t\t\t\t\t\t<span class=\"elementor-toggle-icon-closed\"><i class=\"fas fa-plus\"><\/i><\/span>\n\t\t\t\t\t\t\t\t<span class=\"elementor-toggle-icon-opened\"><i class=\"elementor-toggle-icon-opened fas fa-minus\"><\/i><\/span>\n\t\t\t\t\t\t\t\t\t\t\t\t\t<\/span>\n\t\t\t\t\t\t\t\t\t\t\t\t<a class=\"elementor-toggle-title\" tabindex=\"0\">What hardware changes do I need to make to my production line to apply the GPC tools?<\/a>\n\t\t\t\t\t<\/h5>\n\n\t\t\t\t\t<div id=\"elementor-tab-content-2324\" class=\"elementor-tab-content elementor-clearfix\" data-tab=\"4\" role=\"region\" aria-labelledby=\"elementor-tab-title-2324\"><div class=\"main_color container_wrap_first container_wrap sidebar_left\"><div class=\"container\"><div class=\"theiaStickySidebar\"><div class=\"post-entry post-entry-type-page post-entry-1481\"><div class=\"entry-content-wrapper clearfix\"><div class=\"togglecontainer toggle_close_all avia-builder-el-3 el_after_av_one_full avia-builder-el-last enable_toggles\"><section class=\"av_toggle_section\"><div class=\"single_toggle\" role=\"tablist\" data-tags=\"{Tout} \"><div id=\"toggle-id-4\" class=\"toggle_wrap active_tc\"><div class=\"toggle_content invers-color\"><p>The real-time monitoring tool GPC Scan will be able to exploit all the measurements you get on your production line.<\/p><p>Depending on the case, data collection will be immediate using standard tools, or will be adapted to your data availability constraints by a personalized tool. IOT technology can be used, if necessary.<\/p><p>In the context of a production line, it will generally be advantageous to do both analysis by position, and an overall analysis when you benefit from product traceability.<\/p><p>As part of a free <a href=\"https:\/\/gpc-system.com\/en\/services\/audit-gpc-flash\/\">GPC Flash Audit<\/a>, GPC System will study with you the means of collecting your data.<\/p><\/div><\/div><\/div><\/section><section class=\"av_toggle_section\"><div class=\"single_toggle\" role=\"tablist\" data-tags=\"{Tout} \"><div id=\"toggle-id-5\" class=\"toggle_wrap\"><div class=\"toggle_content invers-color\">\u00a0<\/div><\/div><\/div><\/section><\/div><\/div><\/div><\/div><\/div><\/div><div id=\"footer\" class=\"container_wrap footer_color\"><div class=\"container\"><div class=\"flex_column av_one_third first el_before_av_one_third\">\u00a0<\/div><\/div><\/div><\/div>\n\t\t\t\t<\/div>\n\t\t\t\t\t\t\t<div class=\"elementor-toggle-item\">\n\t\t\t\t\t<h5 id=\"elementor-tab-title-2325\" class=\"elementor-tab-title\" data-tab=\"5\" role=\"button\" aria-controls=\"elementor-tab-content-2325\" aria-expanded=\"false\">\n\t\t\t\t\t\t\t\t\t\t\t\t<span class=\"elementor-toggle-icon elementor-toggle-icon-right\" aria-hidden=\"true\">\n\t\t\t\t\t\t\t\t\t\t\t\t\t\t\t<span class=\"elementor-toggle-icon-closed\"><i class=\"fas fa-plus\"><\/i><\/span>\n\t\t\t\t\t\t\t\t<span class=\"elementor-toggle-icon-opened\"><i class=\"elementor-toggle-icon-opened fas fa-minus\"><\/i><\/span>\n\t\t\t\t\t\t\t\t\t\t\t\t\t<\/span>\n\t\t\t\t\t\t\t\t\t\t\t\t<a class=\"elementor-toggle-title\" tabindex=\"0\">What IT resources do I need within my company to use GPC Scan?<\/a>\n\t\t\t\t\t<\/h5>\n\n\t\t\t\t\t<div id=\"elementor-tab-content-2325\" class=\"elementor-tab-content elementor-clearfix\" data-tab=\"5\" role=\"region\" aria-labelledby=\"elementor-tab-title-2325\"><div class=\"main_color container_wrap_first container_wrap sidebar_left\"><div class=\"container\"><div class=\"main_color container_wrap_first container_wrap sidebar_left\"><div class=\"container\"><div class=\"theiaStickySidebar\"><div class=\"post-entry post-entry-type-page post-entry-1481\"><div class=\"entry-content-wrapper clearfix\"><div class=\"togglecontainer toggle_close_all avia-builder-el-3 el_after_av_one_full avia-builder-el-last enable_toggles\"><section class=\"av_toggle_section\"><div class=\"single_toggle\" role=\"tablist\" data-tags=\"{Tout} \"><div id=\"toggle-id-5\" class=\"toggle_wrap active_tc\"><div class=\"toggle_content invers-color\"><p>GPC Scan users only need a web browser.<\/p><p>The windows offered by GPC Scan are rich in information and are therefore more suitable for PC or tablet type screens than for a smartphone screen. On a smartphone, however, you can receive alerts and consult dashboards.<\/p><p>The GPC Scan software can be installed on a simple laptop or desktop PC to be used by a limited number of users.<\/p><p>It can be installed on one or more factory servers with powers adapted to the number of processes monitored, the volume of data processed and the number of simultaneous users. The company's IT department must then manage the installation and access to these servers.<\/p><p>The company may also prefer a SaaS installation on the server of its choice.<\/p><p>GPC System offers the temporary provision of Saas servers to facilitate experimental uses.<\/p><\/div><\/div><\/div><\/section><\/div><\/div><\/div><\/div><\/div><\/div><div id=\"footer\" class=\"container_wrap footer_color\"><div class=\"container\"><div class=\"flex_column av_one_third first el_before_av_one_third\">\u00a0<\/div><\/div><\/div><div class=\"theiaStickySidebar\"><div class=\"post-entry post-entry-type-page post-entry-1481\"><div class=\"entry-content-wrapper clearfix\"><div class=\"togglecontainer toggle_close_all avia-builder-el-3 el_after_av_one_full avia-builder-el-last enable_toggles\"><section class=\"av_toggle_section\"><div class=\"single_toggle\" role=\"tablist\" data-tags=\"{Tout} \"><div id=\"toggle-id-5\" class=\"toggle_wrap\"><div class=\"toggle_content invers-color\">\u00a0<\/div><\/div><\/div><\/section><\/div><\/div><\/div><\/div><\/div><\/div><div id=\"footer\" class=\"container_wrap footer_color\"><div class=\"container\"><div class=\"flex_column av_one_third first el_before_av_one_third\">\u00a0<\/div><\/div><\/div><\/div>\n\t\t\t\t<\/div>\n\t\t\t\t\t\t\t\t<\/div>\n\t\t\t\t<\/div>\n\t\t\t\t<\/div>\n\t\t\t\t\t<\/div>\n\t\t<\/div>\n\t\t\t\t<div class=\"elementor-column elementor-col-25 elementor-top-column elementor-element elementor-element-3b40735 sc_inner_width_none sc_content_align_inherit sc_layouts_column_icons_position_left sc_fly_static\" data-id=\"3b40735\" data-element_type=\"column\">\n\t\t\t<div class=\"elementor-widget-wrap\">\n\t\t\t\t\t\t\t<\/div>\n\t\t<\/div>\n\t\t\t\t\t<\/div>\n\t\t<\/section>\n\t\t\t\t<section class=\"elementor-section elementor-top-section elementor-element elementor-element-6a43522 elementor-section-boxed elementor-section-height-default elementor-section-height-default sc_fly_static\" data-id=\"6a43522\" data-element_type=\"section\">\n\t\t\t\t\t\t<div class=\"elementor-container elementor-column-gap-extended\">\n\t\t\t\t\t<div class=\"elementor-column elementor-col-100 elementor-top-column elementor-element elementor-element-97bcb41 sc_inner_width_none sc_content_align_inherit sc_layouts_column_icons_position_left sc_fly_static\" data-id=\"97bcb41\" data-element_type=\"column\">\n\t\t\t<div class=\"elementor-widget-wrap elementor-element-populated\">\n\t\t\t\t\t\t<div class=\"elementor-element elementor-element-406fb23 sc_height_huge sc_fly_static elementor-widget elementor-widget-spacer\" data-id=\"406fb23\" data-element_type=\"widget\" data-widget_type=\"spacer.default\">\n\t\t\t\t<div class=\"elementor-widget-container\">\n\t\t\t\t\t<div class=\"elementor-spacer\">\n\t\t\t<div class=\"elementor-spacer-inner\"><\/div>\n\t\t<\/div>\n\t\t\t\t<\/div>\n\t\t\t\t<\/div>\n\t\t\t\t\t<\/div>\n\t\t<\/div>\n\t\t\t\t\t<\/div>\n\t\t<\/section>\n\t\t\t\t<section class=\"elementor-section elementor-top-section elementor-element elementor-element-e5a8a89 elementor-section-boxed elementor-section-height-default elementor-section-height-default sc_fly_static\" data-id=\"e5a8a89\" data-element_type=\"section\">\n\t\t\t\t\t\t<div class=\"elementor-container elementor-column-gap-extended\">\n\t\t\t\t\t<div class=\"elementor-column elementor-col-100 elementor-top-column elementor-element elementor-element-379496f sc_layouts_column_align_center sc_layouts_column sc-mobile_layouts_column_align_center sc_layouts_column sc_inner_width_none sc_content_align_inherit sc_layouts_column_icons_position_left sc_fly_static\" data-id=\"379496f\" data-element_type=\"column\">\n\t\t\t<div class=\"elementor-widget-wrap elementor-element-populated\">\n\t\t\t\t\t\t<div class=\"elementor-element elementor-element-9c14149 sc_fly_static elementor-widget elementor-widget-spacer\" data-id=\"9c14149\" data-element_type=\"widget\" data-widget_type=\"spacer.default\">\n\t\t\t\t<div class=\"elementor-widget-container\">\n\t\t\t\t\t<div class=\"elementor-spacer\">\n\t\t\t<div class=\"elementor-spacer-inner\"><\/div>\n\t\t<\/div>\n\t\t\t\t<\/div>\n\t\t\t\t<\/div>\n\t\t\t\t<div class=\"elementor-element elementor-element-f1d5eab sc_height_huge sc_layouts_hide_on_mobile sc_fly_static elementor-widget elementor-widget-spacer\" data-id=\"f1d5eab\" data-element_type=\"widget\" data-widget_type=\"spacer.default\">\n\t\t\t\t<div class=\"elementor-widget-container\">\n\t\t\t\t\t<div class=\"elementor-spacer\">\n\t\t\t<div class=\"elementor-spacer-inner\"><\/div>\n\t\t<\/div>\n\t\t\t\t<\/div>\n\t\t\t\t<\/div>\n\t\t\t\t<div data-mouse-helper=\"hover\" data-mouse-helper-centered=\"1\" data-mouse-helper-magnet=\"99\" data-mouse-helper-color=\"\" data-mouse-helper-bg-color=\"#FB2610\" data-mouse-helper-bd-color=\"\" data-mouse-helper-mode=\"multiply\" data-mouse-helper-axis=\"xy\" data-mouse-helper-delay=\"0\" data-mouse-helper-text=\"\" data-mouse-helper-text-size=\"\" data-mouse-helper-text-round=\"0\" data-mouse-helper-icon=\"\" data-mouse-helper-icon-size=\"\" data-mouse-helper-icon-color=\"\" data-mouse-helper-image=\"\" data-mouse-helper-layout=\"\" data-mouse-helper-callback=\"\" data-mouse-helper-hide-cursor=\"0\" class=\"elementor-element elementor-element-5a6bb66 elementor-align-center round-square elementor-widget__width-auto sc_fly_static elementor-widget elementor-widget-button\" data-id=\"5a6bb66\" data-element_type=\"widget\" data-widget_type=\"button.default\">\n\t\t\t\t<div class=\"elementor-widget-container\">\n\t\t\t\t\t<div class=\"elementor-button-wrapper\">\n\t\t\t<a class=\"elementor-button elementor-button-link elementor-size-sm\" href=\"https:\/\/www.youtube.com\/watch?v=EOdhblXj5j0\">\n\t\t\t\t\t\t<span class=\"elementor-button-content-wrapper\">\n\t\t\t\t\t\t\t\t\t<span class=\"elementor-button-text\">PLAY<\/span>\n\t\t\t\t\t<\/span>\n\t\t\t\t\t<\/a>\n\t\t<\/div>\n\t\t\t\t<\/div>\n\t\t\t\t<\/div>\n\t\t\t\t\t<\/div>\n\t\t<\/div>\n\t\t\t\t\t<\/div>\n\t\t<\/section>\n\t\t\t\t<\/div>","protected":false},"excerpt":{"rendered":"<p>Comment \u00e9valuer rapidement si la technologie GPC peut r\u00e9pondre \u00e0 mes besoins ? L\u2019Audit GPC Flash gratuit a \u00e9t\u00e9 con\u00e7u pour r\u00e9pondre \u00e0 votre question : Il vous mobilisera pour&hellip;<\/p>","protected":false},"author":4,"featured_media":0,"parent":0,"menu_order":0,"comment_status":"closed","ping_status":"closed","template":"","meta":{"footnotes":""},"class_list":["post-4065","page","type-page","status-publish","hentry"],"_links":{"self":[{"href":"https:\/\/gpc-system.com\/en\/wp-json\/wp\/v2\/pages\/4065","targetHints":{"allow":["GET"]}}],"collection":[{"href":"https:\/\/gpc-system.com\/en\/wp-json\/wp\/v2\/pages"}],"about":[{"href":"https:\/\/gpc-system.com\/en\/wp-json\/wp\/v2\/types\/page"}],"author":[{"embeddable":true,"href":"https:\/\/gpc-system.com\/en\/wp-json\/wp\/v2\/users\/4"}],"replies":[{"embeddable":true,"href":"https:\/\/gpc-system.com\/en\/wp-json\/wp\/v2\/comments?post=4065"}],"version-history":[{"count":0,"href":"https:\/\/gpc-system.com\/en\/wp-json\/wp\/v2\/pages\/4065\/revisions"}],"wp:attachment":[{"href":"https:\/\/gpc-system.com\/en\/wp-json\/wp\/v2\/media?parent=4065"}],"curies":[{"name":"wp","href":"https:\/\/api.w.org\/{rel}","templated":true}]}}